{"id":3995,"date":"2021-06-23T13:15:34","date_gmt":"2021-06-23T11:15:34","guid":{"rendered":"https:\/\/sweetspot-studio.com\/versandarten\/"},"modified":"2021-06-23T13:15:34","modified_gmt":"2021-06-23T11:15:34","slug":"versandarten","status":"publish","type":"page","link":"https:\/\/sweetspot-studio.com\/en\/versandarten\/","title":{"rendered":"Versandarten"},"content":{"rendered":"<p>Wir versenden unsere Ware mit Deutsche Post und DHL. Der Versand f\u00fcr Bestellungen innerhalb Deutschlands ist kostenlos, unabh\u00e4ngig von Gr\u00f6\u00dfe oder Gewicht der Bestellung.<\/p>\n<p>Der Versand erfolg innerhalb von 10 Werktagen nach Bestellung.<\/p>\n<p>&nbsp;<\/p>\n<p>&nbsp;<\/p>\n","protected":false},"excerpt":{"rendered":"<p>Wir versenden unsere Ware mit Deutsche Post und DHL. Der Versand f\u00fcr Bestellungen innerhalb Deutschlands ist kostenlos, unabh\u00e4ngig von Gr\u00f6\u00dfe oder Gewicht der Bestellung. Der Versand erfolg innerhalb von 10 Werktagen nach Bestellung. &nbsp; &nbsp;<\/p>\n","protected":false},"author":1,"featured_media":0,"parent":0,"menu_order":0,"comment_status":"closed","ping_status":"closed","template":"","meta":{"_eb_attr":"","_monsterinsights_skip_tracking":false,"_monsterinsights_sitenote_active":false,"_monsterinsights_sitenote_note":"","_monsterinsights_sitenote_category":0,"footnotes":""},"class_list":["post-3995","page","type-page","status-publish","hentry","description-off"],"yoast_head":"<!-- This site is optimized with the Yoast SEO plugin v27.5 - https:\/\/yoast.com\/product\/yoast-seo-wordpress\/ -->\n<title>Versandarten - Sweetspot Studio<\/title>\n<meta name=\"robots\" content=\"index, follow, max-snippet:-1, max-image-preview:large, max-video-preview:-1\" \/>\n<link rel=\"canonical\" href=\"https:\/\/sweetspot-studio.com\/versandarten\/\" \/>\n<meta property=\"og:locale\" content=\"en_US\" \/>\n<meta property=\"og:type\" content=\"article\" \/>\n<meta property=\"og:title\" content=\"Versandarten - Sweetspot Studio\" \/>\n<meta property=\"og:description\" content=\"Wir versenden unsere Ware mit Deutsche Post und DHL. Der Versand f\u00fcr Bestellungen innerhalb Deutschlands ist kostenlos, unabh\u00e4ngig von Gr\u00f6\u00dfe oder Gewicht der Bestellung. Der Versand erfolg innerhalb von 10 Werktagen nach Bestellung. &nbsp; &nbsp;\" \/>\n<meta property=\"og:url\" content=\"https:\/\/sweetspot-studio.com\/versandarten\/\" \/>\n<meta property=\"og:site_name\" content=\"Sweetspot Studio\" \/>\n<meta property=\"og:image\" content=\"https:\/\/sweetspot-studio.com\/wp-content\/uploads\/2025\/02\/yt-banner-studio2025.jpg\" \/>\n\t<meta property=\"og:image:width\" content=\"2560\" \/>\n\t<meta property=\"og:image:height\" content=\"1440\" \/>\n\t<meta property=\"og:image:type\" content=\"image\/jpeg\" \/>\n<meta name=\"twitter:card\" content=\"summary_large_image\" \/>\n<meta name=\"twitter:label1\" content=\"Est. reading time\" \/>\n\t<meta name=\"twitter:data1\" content=\"1 minute\" \/>\n<script type=\"application\/ld+json\" class=\"yoast-schema-graph\">{\"@context\":\"https:\\\/\\\/schema.org\",\"@graph\":[{\"@type\":\"WebPage\",\"@id\":\"https:\\\/\\\/sweetspot-studio.com\\\/versandarten\\\/\",\"url\":\"https:\\\/\\\/sweetspot-studio.com\\\/versandarten\\\/\",\"name\":\"Versandarten - Sweetspot Studio\",\"isPartOf\":{\"@id\":\"https:\\\/\\\/sweetspot-studio.com\\\/#website\"},\"datePublished\":\"2021-06-23T11:15:34+00:00\",\"breadcrumb\":{\"@id\":\"https:\\\/\\\/sweetspot-studio.com\\\/versandarten\\\/#breadcrumb\"},\"inLanguage\":\"en-US\",\"potentialAction\":[{\"@type\":\"ReadAction\",\"target\":[\"https:\\\/\\\/sweetspot-studio.com\\\/versandarten\\\/\"]}]},{\"@type\":\"BreadcrumbList\",\"@id\":\"https:\\\/\\\/sweetspot-studio.com\\\/versandarten\\\/#breadcrumb\",\"itemListElement\":[{\"@type\":\"ListItem\",\"position\":1,\"name\":\"Startseite\",\"item\":\"https:\\\/\\\/sweetspot-studio.com\\\/en\\\/\"},{\"@type\":\"ListItem\",\"position\":2,\"name\":\"Versandarten\"}]},{\"@type\":\"WebSite\",\"@id\":\"https:\\\/\\\/sweetspot-studio.com\\\/#website\",\"url\":\"https:\\\/\\\/sweetspot-studio.com\\\/\",\"name\":\"Sweetspot Studio\",\"description\":\"Strategy. Design. Storytelling. By Marc T. Suess\",\"publisher\":{\"@id\":\"https:\\\/\\\/sweetspot-studio.com\\\/#\\\/schema\\\/person\\\/e4e976ee83d45700846e044642e041b7\"},\"alternateName\":\"Brand-building & Design Studio Hamburg\",\"potentialAction\":[{\"@type\":\"SearchAction\",\"target\":{\"@type\":\"EntryPoint\",\"urlTemplate\":\"https:\\\/\\\/sweetspot-studio.com\\\/?s={search_term_string}\"},\"query-input\":{\"@type\":\"PropertyValueSpecification\",\"valueRequired\":true,\"valueName\":\"search_term_string\"}}],\"inLanguage\":\"en-US\"},{\"@type\":[\"Person\",\"Organization\"],\"@id\":\"https:\\\/\\\/sweetspot-studio.com\\\/#\\\/schema\\\/person\\\/e4e976ee83d45700846e044642e041b7\",\"name\":\"marc\",\"image\":{\"@type\":\"ImageObject\",\"inLanguage\":\"en-US\",\"@id\":\"https:\\\/\\\/sweetspot-studio.com\\\/wp-content\\\/uploads\\\/2023\\\/12\\\/sweetspot-studio-website-footer.png\",\"url\":\"https:\\\/\\\/sweetspot-studio.com\\\/wp-content\\\/uploads\\\/2023\\\/12\\\/sweetspot-studio-website-footer.png\",\"contentUrl\":\"https:\\\/\\\/sweetspot-studio.com\\\/wp-content\\\/uploads\\\/2023\\\/12\\\/sweetspot-studio-website-footer.png\",\"width\":160,\"height\":161,\"caption\":\"marc\"},\"logo\":{\"@id\":\"https:\\\/\\\/sweetspot-studio.com\\\/wp-content\\\/uploads\\\/2023\\\/12\\\/sweetspot-studio-website-footer.png\"},\"description\":\"Build a memorable and meaningful brand. Sweetspot Studio is a brand-building &amp; design studio by creative director Marc T. Suess.\",\"sameAs\":[\"https:\\\/\\\/sweetspot-studio.com\",\"https:\\\/\\\/instagram.com\\\/sweetspot.studio\",\"https:\\\/\\\/www.linkedin.com\\\/company\\\/sweetspot-studio\\\/\",\"https:\\\/\\\/www.youtube.com\\\/@sweetspot.studio\"]}]}<\/script>\n<!-- \/ Yoast SEO plugin. -->","yoast_head_json":{"title":"Versandarten - Sweetspot Studio","robots":{"index":"index","follow":"follow","max-snippet":"max-snippet:-1","max-image-preview":"max-image-preview:large","max-video-preview":"max-video-preview:-1"},"canonical":"https:\/\/sweetspot-studio.com\/versandarten\/","og_locale":"en_US","og_type":"article","og_title":"Versandarten - Sweetspot Studio","og_description":"Wir versenden unsere Ware mit Deutsche Post und DHL. Der Versand f\u00fcr Bestellungen innerhalb Deutschlands ist kostenlos, unabh\u00e4ngig von Gr\u00f6\u00dfe oder Gewicht der Bestellung. Der Versand erfolg innerhalb von 10 Werktagen nach Bestellung. &nbsp; &nbsp;","og_url":"https:\/\/sweetspot-studio.com\/versandarten\/","og_site_name":"Sweetspot Studio","og_image":[{"width":2560,"height":1440,"url":"https:\/\/sweetspot-studio.com\/wp-content\/uploads\/2025\/02\/yt-banner-studio2025.jpg","type":"image\/jpeg"}],"twitter_card":"summary_large_image","twitter_misc":{"Est. reading time":"1 minute"},"schema":{"@context":"https:\/\/schema.org","@graph":[{"@type":"WebPage","@id":"https:\/\/sweetspot-studio.com\/versandarten\/","url":"https:\/\/sweetspot-studio.com\/versandarten\/","name":"Versandarten - Sweetspot Studio","isPartOf":{"@id":"https:\/\/sweetspot-studio.com\/#website"},"datePublished":"2021-06-23T11:15:34+00:00","breadcrumb":{"@id":"https:\/\/sweetspot-studio.com\/versandarten\/#breadcrumb"},"inLanguage":"en-US","potentialAction":[{"@type":"ReadAction","target":["https:\/\/sweetspot-studio.com\/versandarten\/"]}]},{"@type":"BreadcrumbList","@id":"https:\/\/sweetspot-studio.com\/versandarten\/#breadcrumb","itemListElement":[{"@type":"ListItem","position":1,"name":"Startseite","item":"https:\/\/sweetspot-studio.com\/en\/"},{"@type":"ListItem","position":2,"name":"Versandarten"}]},{"@type":"WebSite","@id":"https:\/\/sweetspot-studio.com\/#website","url":"https:\/\/sweetspot-studio.com\/","name":"Sweetspot Studio","description":"Strategy. Design. Storytelling. By Marc T. Suess","publisher":{"@id":"https:\/\/sweetspot-studio.com\/#\/schema\/person\/e4e976ee83d45700846e044642e041b7"},"alternateName":"Brand-building & Design Studio Hamburg","potentialAction":[{"@type":"SearchAction","target":{"@type":"EntryPoint","urlTemplate":"https:\/\/sweetspot-studio.com\/?s={search_term_string}"},"query-input":{"@type":"PropertyValueSpecification","valueRequired":true,"valueName":"search_term_string"}}],"inLanguage":"en-US"},{"@type":["Person","Organization"],"@id":"https:\/\/sweetspot-studio.com\/#\/schema\/person\/e4e976ee83d45700846e044642e041b7","name":"marc","image":{"@type":"ImageObject","inLanguage":"en-US","@id":"https:\/\/sweetspot-studio.com\/wp-content\/uploads\/2023\/12\/sweetspot-studio-website-footer.png","url":"https:\/\/sweetspot-studio.com\/wp-content\/uploads\/2023\/12\/sweetspot-studio-website-footer.png","contentUrl":"https:\/\/sweetspot-studio.com\/wp-content\/uploads\/2023\/12\/sweetspot-studio-website-footer.png","width":160,"height":161,"caption":"marc"},"logo":{"@id":"https:\/\/sweetspot-studio.com\/wp-content\/uploads\/2023\/12\/sweetspot-studio-website-footer.png"},"description":"Build a memorable and meaningful brand. Sweetspot Studio is a brand-building &amp; design studio by creative director Marc T. Suess.","sameAs":["https:\/\/sweetspot-studio.com","https:\/\/instagram.com\/sweetspot.studio","https:\/\/www.linkedin.com\/company\/sweetspot-studio\/","https:\/\/www.youtube.com\/@sweetspot.studio"]}]}},"_links":{"self":[{"href":"https:\/\/sweetspot-studio.com\/en\/wp-json\/wp\/v2\/pages\/3995","targetHints":{"allow":["GET"]}}],"collection":[{"href":"https:\/\/sweetspot-studio.com\/en\/wp-json\/wp\/v2\/pages"}],"about":[{"href":"https:\/\/sweetspot-studio.com\/en\/wp-json\/wp\/v2\/types\/page"}],"author":[{"embeddable":true,"href":"https:\/\/sweetspot-studio.com\/en\/wp-json\/wp\/v2\/users\/1"}],"replies":[{"embeddable":true,"href":"https:\/\/sweetspot-studio.com\/en\/wp-json\/wp\/v2\/comments?post=3995"}],"version-history":[{"count":0,"href":"https:\/\/sweetspot-studio.com\/en\/wp-json\/wp\/v2\/pages\/3995\/revisions"}],"wp:attachment":[{"href":"https:\/\/sweetspot-studio.com\/en\/wp-json\/wp\/v2\/media?parent=3995"}],"curies":[{"name":"wp","href":"https:\/\/api.w.org\/{rel}","templated":true}]}}