{"id":1659,"date":"2020-05-08T12:07:24","date_gmt":"2020-05-08T10:07:24","guid":{"rendered":"https:\/\/sweetspot-studio.com\/?page_id=1659"},"modified":"2023-02-01T16:55:42","modified_gmt":"2023-02-01T15:55:42","slug":"data-privacy-policy","status":"publish","type":"page","link":"https:\/\/sweetspot-studio.com\/en\/data-privacy-policy\/","title":{"rendered":"DATA PRIVACY POLICY"},"content":{"rendered":"<div class=\"wpb-content-wrapper\"><p>[vc_row bg_type=&#8221;image&#8221; parallax_style=&#8221;vcpb-default&#8221; bg_image_new=&#8221;id^5790|url^https:\/\/sweetspot-studio.com\/wp-content\/uploads\/2022\/04\/datenschutz.jpg|caption^null|alt^null|title^datenschutz|description^null&#8221; bg_image_repeat=&#8221;no-repeat&#8221; bg_override=&#8221;full&#8221; row_type=&#8221;row&#8221; use_row_as_full_screen_section=&#8221;no&#8221; type=&#8221;full_width&#8221; text_align=&#8221;left&#8221; background_animation=&#8221;none&#8221; css=&#8221;.vc_custom_1675266939539{margin-top: -70px !important;}&#8221;][vc_column][vc_empty_space height=&#8221;50px&#8221;][vc_empty_space height=&#8221;50px&#8221;][vc_empty_space height=&#8221;50px&#8221;][vc_column_text]<\/p>\n<h1 style=\"text-align: center; color: #ffffff;\">Data privacy policy<\/h1>\n<p>[\/vc_column_text][vc_empty_space height=&#8221;50px&#8221;][vc_empty_space height=&#8221;50px&#8221;][vc_empty_space height=&#8221;50px&#8221;][\/vc_column][\/vc_row][vc_row row_type=&#8221;row&#8221; use_row_as_full_screen_section=&#8221;no&#8221; type=&#8221;full_width&#8221; text_align=&#8221;left&#8221; background_animation=&#8221;none&#8221;][vc_column][vc_column_text]<h1>Datenschutzerkl\u00e4rung<\/h1>\n<p><p> In this privacy policy we inform you about the processing of your personal data. <\/ p><\/p>\n<p> If you want to change your privacy settings (grant consent or revoke your previously granted consent), click <a target=\"_blank\" href=\"#\" class=\"sp-dsgvo-show-privacy-popup\">here<\/a> to change your settings.<\/p>\n<h2>Responsible<\/h2>\n<p>Marc Thaddaeus Suess, Sweetspot Studio, Timmermannstr. 9, 22299 Hamburg, Deutschland, <a href=\"mailto:marc@sweetspot-studio.com\">marc@sweetspot-studio.com<\/a>, +4917684025929<\/p>\n<h2>Data security officer<\/h2>\n<p><p>You can contact our Data Protection Officer at:<\/p>\n<p>attn. Marc Thaddaeus Suess, <br \/>Timmermannstr. 9 <br \/>22299 Hamburg <br \/>Phone: +4917684025929 <br \/>Email: <a href=\"mailto:marc@sweetspot-studio.com\">marc@sweetspot-studio.com<\/a> <\/p>\n<h2>Hosting<\/h2>\n<h3>All-inkl.com<\/h3>\n<p><p>Our website is hosted by our processor <a target=\"_blank\" href=\"https:\/\/all-inkl.com\/\">All-inkl.com<\/a>, ALL-INKL.COM &#8211; Neue Medien M\u00fcnnich, Ren\u00e9 M\u00fcnnich, Hauptstra\u00dfe 68, 02742 Friedersdorf, Germany.<\/p>\n<p>Connection data are processed to provide and to deliver the website. Data are not stored beyond access for the mere purpose of delivery and provision of the website.<\/p>\n<p>The legal basis of processing is the legitimate interest (absolute technical necessity to provide and to deliver the \u201cwebsite\u201d service which you have explicitly requested by visiting the website according to Article 6 (1) (f) GDPR combined with \u00a7 25 TTDSG.<\/p>\n<p>Connection data and other personal data are also processed in connection with various other functions or services in order to operate the website. Detailed information is provided in this Data Privacy Statement and in the individual functions or services.<\/p>\n<\/p>\n<h2>Server Log Files<\/h2>\n<p><span><\/p>\n<p>Connection data are processed to monitor the technical function and to increase the reliability of our webhost. The duration of processing is limited to 30 days.<\/p>\n<p>The legal basis of processing is the legitimate interest (absolute technical necessity of a server log file as fundamental data basis for failure analysis and for security measures in connection with the &#8220;website&#8221; service which you have explicitly requested by visiting the website) according to Art. 6 (1) (f) GDPR combined with \u00a7 25 TTDSG.<\/p>\n<p><\/span><\/p>\n<h2>Contact Form<\/h2>\n<p><p>You can contact us by using a contact form provided on our website. After submission of the contact form, the controller will process the personal data you have provided for the purpose of handling your request on the basis of your consent which you have given by submitting the form according to Art. 6 (1) (a) GDPR, until revocation.<br \/>You have no legal or contractual obligation to provide personal data. If you do not provide such data, you are simply not able to submit and we are not able to process your request.<\/p>\n<\/p>\n<h2>Security Services<\/h2>\n<p><p>On this website we use the offer of security service providers such as Captcha services to avoid non-human and automated input.<\/p>\n<\/p>\n<h3>Google reCAPTCHA<\/h3>\n<p><p>If you give your consent, we will process your personal data in cooperation with the service <a target=\"_blank\" href=\"https:\/\/www.google.com\/recaptcha\/intro\/v3.html\">Google reCaptcha<\/a>, Google Ireland Limited, Gordon House, Barrow Street, Dublin 4, Ireland as joint controllers for the purpose of avoidance of non human and automatized inputs. We will enable the service to set third party cookies, to collect connection data and data of your web browser. Furthermore we enable the service to build a personal user-ID to conclusively identify the user within the scope of the advertising network operated by Google. The data will be stored on your device for up to two years.<\/p>\n<p>The legal basis of processing is your consent according to Article 6 (1) (a) GDPR. A failure to give consent will have the effect of not being able to use reCaptcha or the connected forms.<\/p>\n<p>You can revoke your consent by changing the settings at <a target=\"_blank\" class=\"lwb-ppsp\" href=\"#\" title=\"Datenschutzeinstellungen\">Privacy settings<\/a>.<\/p>\n<p>The Google group transfers your personal data to the USA. The legal basis for data transfer to the USA is your consent in accordance with Art. 49 Para. 1 a in conjunction with Art. 6 Para. 1 a GDPR. Before you gave your consent, you were informed that the USA does not have a data protection level that complies with EU standards. In particular, US intelligence agencies can access your data without being informed about it and without you being able to take legal action against it. For this reason, the European Court of Justice ruled in a judgment that the previous adequacy decision (Privacy Shield) was invalid.<\/p>\n<\/p>\n<h2>Web Fonts<\/h2>\n<h3>Adobe Fonts<\/h3>\n<p><p>We process connection data and browser data in cooperation with our processor <a target=\"_blank\" href=\"https:\/\/fonts.adobe.com\/\">Adobe Fonts<\/a>, Adobe Systems Software Ireland Limited, Citywest Business Campus, Dublin 24, Ireland, in order to provide the fonts which the web browser needs to display the website. This data is processed only for the time needed to select and transfer the fonts.<\/p>\n<p>The legal basis of processing is the legitimate interest (absolute technical necessity to provide and to deliver the \u201cwebsite\u201d service which you have explicitly requested by visiting the website according to Article 6 (1) (f) GDPR combined with \u00a7 25 TTDSG.<\/p>\n<p>Any further independent processing of data by Adobe Fonts is carried out by Adobe Fonts as sole controller. Detailed information is provided in the <a target=\"_blank\" href=\"https:\/\/www.adobe.com\/de\/privacy.html\">Data privacy policy<\/a> of Adobe Fonts.<\/p>\n<\/p>\n<h2>Embeddings<\/h2>\n<h3>YouTube<\/h3>\n<p><p>If you have given your consent, we will process your personal data in cooperation with  <a target=\"_blank\" href=\"https:\/\/www.youtube.com\/\">Youtube<\/a>, Google Ireland Limited, Gordon House, Barrow Street, Dublin 4, Ireland, as joint controllers for the purpose of playing videos on our website.<\/p>\n<p>We will enable the service to collect connection data, data of your web browser, and to place an advertising cookie. The placing of advertising cookies allows Google to create an individual user-ID for each user. These personal data can be used for unambiguous identification and are then processed via the advertising network operated by Google.<\/p>\n<p>The Google group transfers your personal data to the USA. The legal basis for data transfer to the USA is your consent in accordance with Art. 49 Para. 1 a in conjunction with Art. 6 Para. 1 a GDPR. Before you gave your consent, you were informed that the USA does not have a data protection level that complies with EU standards. In particular, US intelligence agencies can access your data without being informed about it and without you being able to take legal action against it. For this reason, the European Court of Justice ruled in a judgment that the previous adequacy decision (Privacy Shield) was invalid.<\/p>\n<p>Any further independent processing of data, especially via the Google advertising network, is carried out by Google as sole controller. Detailed information is provided in the  <a target=\"_blank\" href=\"https:\/\/policies.google.com\/privacy?gl=AT&amp;hl=de#intro\">Data privacy policy<\/a> of Google.<\/p>\n<p>If you do not give your consent, we are simply not able to provide the Youtube service to you. You can withdraw your consent by changing the settings at <a target=\"_blank\" class=\"lwb-ppsp\" href=\"#\" title=\"Datenschutzeinstellungen\">Privacy policy<\/a>.<\/p>\n<p>The legal basis of processing is your consent according to Article 6 (1) (a) GDPR.<\/p>\n<\/p>\n<h2>Analysis Services<\/h2>\n<h3>Google Analytics<\/h3>\n<p><p>If you give your consent, we will process your personal data in cooperation with the service <a target=\"_blank\" href=\"https:\\\\analytics.google.com\">Google Analytics<\/a>, Google LLC, Amphitheatre Parkway, Mountain View, CA 94043, USA, as joint controllers for the purpose of failure analysis and statistical analysis of our website. A failure to give consent will have no immediate impact on the function of the website, although a lack of statistic data will make it more difficult for us to sophisticate the website. You can revoke your consent by changing the settings at <a target=\"_blank\" class=\"lwb-ppsp\" href=\"#\" title=\"Datenschutzeinstellungen\">Privacy settings<\/a>.<\/p>\n<p>We will enable the service to collect connection data, data of your web browser and data of accessed content and to execute analysis software and to store data on your terminal device. The service anonymizes collected data immediately after such data were collected and provides us with statistics for analysis containing anonymous data. We use these statistics for failure analysis and for the sophistication of our website. Data on your terminal device are kept for up to two years.<\/p>\n<p>The legal basis of processing is your consent according to Article 6 (1) (a) GDPR. The Google group transfers your personal data to the USA. The legal basis for data transfer to the USA is your consent in accordance with Art. 49 Para. 1 a in conjunction with Art. 6 Para. 1 a GDPR. Before you gave your consent, you were informed that the USA does not have a data protection level that complies with EU standards. In particular, US intelligence agencies can access your data without being informed about it and without you being able to take legal action against it. For this reason, the European Court of Justice ruled in a judgment that the previous adequacy decision (Privacy Shield) was invalid.<\/p>\n<\/p>\n<h2>Newsletter Services<\/h2>\n<h3>newslettertwogo<\/h3>\n<p><p>After consenting we will process your personal data for the purpose of sending you electronic direct mailings (e.g. newsletter) until revocation. <\/p>\n<p>For the purpose of sending you newsletters we collaborate with our processor <a target=\"_blank\" href=\"https:\/\/www.newsletter2go.at\/datenschutz\/\">Newsletter2Go<\/a>, Newsletter2Go GmbH, K\u00f6penicker Str. 126, 10179 Berlin, Germany. <\/p>\n<p>The legal basis of processing is your consent according to Article 6 (1) (a) GDPR. You have no legal or contractual obligation to provide personal data. If you do not provide such data, we will not send you electronic direct mailings. <\/p>\n<\/p>\n<h2>Right to object<\/h2>\n<p><p>You have the right to object to processing if your personal data is processed based on legitimate interests.<\/p>\n<p>We will then cease the processing carried out on this basis, unless there are compelling and legitimate reasons for us to do so.<\/p>\n<p>You have the right to object to the processing of your personal data for the purpose of direct marketing. In this case, we will cease the processing of your personal data for the purpose of direct mail.<\/p>\n<p>The withdrawal of consent shall not affect the lawfulness of processing based on consent before its withdrawal.<\/p>\n<\/p>\n<h2>Withdrawal<\/h2>\n<p><p>You have the right to withdraw your consent at any time by changing the settings at <a target=\"_blank\" class=\"lwb-ppsp\" href=\"#\" title=\"Privacy settings\">Privacy settings<\/a>.<\/p>\n<p>If you have given your consent to receipt of advertising by email, you may withdraw your consent by clicking the unsubscribe link. In this case, we will cease the processing operations, unless there is any other legal basis.<\/p>\n<p>The withdrawal of consent shall not affect the lawfulness of processing based on consent before its withdrawal.<\/p>\n<\/p>\n<h2>Right to data subject<\/h2>\n<p><p>You have the right to access to, rectification, erasure and restriction of processing of personal data.<\/p>\n<p>You have also the right to data portability if the processing of your personal data is based on your consent or on a contract concluded with you. <\/p>\n<p>You have also the right to lodge a complaint with the supervisory authority. If you need more information on the supervisory authorities in the European Union, go to <a target=\"_blank\" href=\"https:\/\/ec.europa.eu\/justice\/article-29\/structure\/data-protection-authorities\/index_en.htm\" title=\"DPAs\">here<\/a>.<\/p><\/p>\n[\/vc_column_text][\/vc_column][\/vc_row][vc_row row_type=&#8221;row&#8221; use_row_as_full_screen_section=&#8221;no&#8221; type=&#8221;full_width&#8221; text_align=&#8221;left&#8221; background_animation=&#8221;none&#8221;][vc_column][vc_empty_space height=&#8221;150px&#8221;][\/vc_column][\/vc_row]<\/p>\n<\/div>","protected":false},"excerpt":{"rendered":"<p>[vc_row bg_type=&#8221;image&#8221; parallax_style=&#8221;vcpb-default&#8221; bg_image_new=&#8221;id^5790|url^https:\/\/sweetspot-studio.com\/wp-content\/uploads\/2022\/04\/datenschutz.jpg|caption^null|alt^null|title^datenschutz|description^null&#8221; bg_image_repeat=&#8221;no-repeat&#8221; bg_override=&#8221;full&#8221; row_type=&#8221;row&#8221; use_row_as_full_screen_section=&#8221;no&#8221; type=&#8221;full_width&#8221; text_align=&#8221;left&#8221; background_animation=&#8221;none&#8221; css=&#8221;.vc_custom_1675266939539{margin-top: -70px !important;}&#8221;][vc_column][vc_empty_space height=&#8221;50px&#8221;][vc_empty_space height=&#8221;50px&#8221;][vc_empty_space height=&#8221;50px&#8221;][vc_column_text] Data privacy policy [\/vc_column_text][vc_empty_space height=&#8221;50px&#8221;][vc_empty_space height=&#8221;50px&#8221;][vc_empty_space height=&#8221;50px&#8221;][\/vc_column][\/vc_row][vc_row row_type=&#8221;row&#8221; use_row_as_full_screen_section=&#8221;no&#8221; type=&#8221;full_width&#8221; text_align=&#8221;left&#8221; background_animation=&#8221;none&#8221;][vc_column][vc_column_text][\/vc_column_text][\/vc_column][\/vc_row][vc_row row_type=&#8221;row&#8221; use_row_as_full_screen_section=&#8221;no&#8221; type=&#8221;full_width&#8221; text_align=&#8221;left&#8221; background_animation=&#8221;none&#8221;][vc_column][vc_empty_space height=&#8221;150px&#8221;][\/vc_column][\/vc_row]<\/p>\n","protected":false},"author":1,"featured_media":0,"parent":0,"menu_order":0,"comment_status":"closed","ping_status":"closed","template":"","meta":{"_eb_attr":"","_monsterinsights_skip_tracking":false,"_monsterinsights_sitenote_active":false,"_monsterinsights_sitenote_note":"","_monsterinsights_sitenote_category":0,"footnotes":""},"class_list":["post-1659","page","type-page","status-publish","hentry","description-off"],"yoast_head":"<!-- This site is optimized with the Yoast SEO plugin v27.4 - https:\/\/yoast.com\/product\/yoast-seo-wordpress\/ -->\n<title>DATA PRIVACY POLICY - Sweetspot Studio<\/title>\n<meta name=\"robots\" content=\"index, follow, max-snippet:-1, max-image-preview:large, max-video-preview:-1\" \/>\n<link rel=\"canonical\" href=\"https:\/\/sweetspot-studio.com\/data-privacy-policy\/\" \/>\n<meta property=\"og:locale\" content=\"en_US\" \/>\n<meta property=\"og:type\" content=\"article\" \/>\n<meta property=\"og:title\" content=\"DATA PRIVACY POLICY - Sweetspot Studio\" \/>\n<meta property=\"og:description\" content=\"[vc_row bg_type=&#8221;image&#8221; parallax_style=&#8221;vcpb-default&#8221; bg_image_new=&#8221;id^5790|url^https:\/\/sweetspot-studio.com\/wp-content\/uploads\/2022\/04\/datenschutz.jpg|caption^null|alt^null|title^datenschutz|description^null&#8221; bg_image_repeat=&#8221;no-repeat&#8221; bg_override=&#8221;full&#8221; row_type=&#8221;row&#8221; use_row_as_full_screen_section=&#8221;no&#8221; type=&#8221;full_width&#8221; text_align=&#8221;left&#8221; background_animation=&#8221;none&#8221; css=&#8221;.vc_custom_1675266939539{margin-top: -70px !important;}&#8221;][vc_column][vc_empty_space height=&#8221;50px&#8221;][vc_empty_space height=&#8221;50px&#8221;][vc_empty_space height=&#8221;50px&#8221;][vc_column_text] Data privacy policy [\/vc_column_text][vc_empty_space height=&#8221;50px&#8221;][vc_empty_space height=&#8221;50px&#8221;][vc_empty_space height=&#8221;50px&#8221;][\/vc_column][\/vc_row][vc_row row_type=&#8221;row&#8221; use_row_as_full_screen_section=&#8221;no&#8221; type=&#8221;full_width&#8221; text_align=&#8221;left&#8221; background_animation=&#8221;none&#8221;][vc_column][vc_column_text][\/vc_column_text][\/vc_column][\/vc_row][vc_row row_type=&#8221;row&#8221; use_row_as_full_screen_section=&#8221;no&#8221; type=&#8221;full_width&#8221; text_align=&#8221;left&#8221; background_animation=&#8221;none&#8221;][vc_column][vc_empty_space height=&#8221;150px&#8221;][\/vc_column][\/vc_row]\" \/>\n<meta property=\"og:url\" content=\"https:\/\/sweetspot-studio.com\/data-privacy-policy\/\" \/>\n<meta property=\"og:site_name\" content=\"Sweetspot Studio\" \/>\n<meta property=\"article:modified_time\" content=\"2023-02-01T15:55:42+00:00\" \/>\n<meta property=\"og:image\" content=\"https:\/\/sweetspot-studio.com\/wp-content\/uploads\/2025\/02\/yt-banner-studio2025.jpg\" \/>\n\t<meta property=\"og:image:width\" content=\"2560\" \/>\n\t<meta property=\"og:image:height\" content=\"1440\" \/>\n\t<meta property=\"og:image:type\" content=\"image\/jpeg\" \/>\n<meta name=\"twitter:card\" content=\"summary_large_image\" \/>\n<meta name=\"twitter:label1\" content=\"Est. reading time\" \/>\n\t<meta name=\"twitter:data1\" content=\"1 minute\" \/>\n<script type=\"application\/ld+json\" class=\"yoast-schema-graph\">{\"@context\":\"https:\\\/\\\/schema.org\",\"@graph\":[{\"@type\":\"WebPage\",\"@id\":\"https:\\\/\\\/sweetspot-studio.com\\\/data-privacy-policy\\\/\",\"url\":\"https:\\\/\\\/sweetspot-studio.com\\\/data-privacy-policy\\\/\",\"name\":\"DATA PRIVACY POLICY - Sweetspot Studio\",\"isPartOf\":{\"@id\":\"https:\\\/\\\/sweetspot-studio.com\\\/#website\"},\"datePublished\":\"2020-05-08T10:07:24+00:00\",\"dateModified\":\"2023-02-01T15:55:42+00:00\",\"breadcrumb\":{\"@id\":\"https:\\\/\\\/sweetspot-studio.com\\\/data-privacy-policy\\\/#breadcrumb\"},\"inLanguage\":\"en-US\",\"potentialAction\":[{\"@type\":\"ReadAction\",\"target\":[\"https:\\\/\\\/sweetspot-studio.com\\\/data-privacy-policy\\\/\"]}]},{\"@type\":\"BreadcrumbList\",\"@id\":\"https:\\\/\\\/sweetspot-studio.com\\\/data-privacy-policy\\\/#breadcrumb\",\"itemListElement\":[{\"@type\":\"ListItem\",\"position\":1,\"name\":\"Startseite\",\"item\":\"https:\\\/\\\/sweetspot-studio.com\\\/en\\\/\"},{\"@type\":\"ListItem\",\"position\":2,\"name\":\"DATA PRIVACY POLICY\"}]},{\"@type\":\"WebSite\",\"@id\":\"https:\\\/\\\/sweetspot-studio.com\\\/#website\",\"url\":\"https:\\\/\\\/sweetspot-studio.com\\\/\",\"name\":\"Sweetspot Studio\",\"description\":\"Strategy. Design. Storytelling. By Marc T. Suess\",\"publisher\":{\"@id\":\"https:\\\/\\\/sweetspot-studio.com\\\/#\\\/schema\\\/person\\\/e4e976ee83d45700846e044642e041b7\"},\"alternateName\":\"Brand-building & Design Studio Hamburg\",\"potentialAction\":[{\"@type\":\"SearchAction\",\"target\":{\"@type\":\"EntryPoint\",\"urlTemplate\":\"https:\\\/\\\/sweetspot-studio.com\\\/?s={search_term_string}\"},\"query-input\":{\"@type\":\"PropertyValueSpecification\",\"valueRequired\":true,\"valueName\":\"search_term_string\"}}],\"inLanguage\":\"en-US\"},{\"@type\":[\"Person\",\"Organization\"],\"@id\":\"https:\\\/\\\/sweetspot-studio.com\\\/#\\\/schema\\\/person\\\/e4e976ee83d45700846e044642e041b7\",\"name\":\"marc\",\"image\":{\"@type\":\"ImageObject\",\"inLanguage\":\"en-US\",\"@id\":\"https:\\\/\\\/sweetspot-studio.com\\\/wp-content\\\/uploads\\\/2023\\\/12\\\/sweetspot-studio-website-footer.png\",\"url\":\"https:\\\/\\\/sweetspot-studio.com\\\/wp-content\\\/uploads\\\/2023\\\/12\\\/sweetspot-studio-website-footer.png\",\"contentUrl\":\"https:\\\/\\\/sweetspot-studio.com\\\/wp-content\\\/uploads\\\/2023\\\/12\\\/sweetspot-studio-website-footer.png\",\"width\":160,\"height\":161,\"caption\":\"marc\"},\"logo\":{\"@id\":\"https:\\\/\\\/sweetspot-studio.com\\\/wp-content\\\/uploads\\\/2023\\\/12\\\/sweetspot-studio-website-footer.png\"},\"description\":\"Build a memorable and meaningful brand. Sweetspot Studio is a brand-building &amp; design studio by creative director Marc T. Suess.\",\"sameAs\":[\"https:\\\/\\\/sweetspot-studio.com\",\"https:\\\/\\\/instagram.com\\\/sweetspot.studio\",\"https:\\\/\\\/www.linkedin.com\\\/company\\\/sweetspot-studio\\\/\",\"https:\\\/\\\/www.youtube.com\\\/@sweetspot.studio\"]}]}<\/script>\n<!-- \/ Yoast SEO plugin. -->","yoast_head_json":{"title":"DATA PRIVACY POLICY - Sweetspot Studio","robots":{"index":"index","follow":"follow","max-snippet":"max-snippet:-1","max-image-preview":"max-image-preview:large","max-video-preview":"max-video-preview:-1"},"canonical":"https:\/\/sweetspot-studio.com\/data-privacy-policy\/","og_locale":"en_US","og_type":"article","og_title":"DATA PRIVACY POLICY - Sweetspot Studio","og_description":"[vc_row bg_type=&#8221;image&#8221; parallax_style=&#8221;vcpb-default&#8221; bg_image_new=&#8221;id^5790|url^https:\/\/sweetspot-studio.com\/wp-content\/uploads\/2022\/04\/datenschutz.jpg|caption^null|alt^null|title^datenschutz|description^null&#8221; bg_image_repeat=&#8221;no-repeat&#8221; bg_override=&#8221;full&#8221; row_type=&#8221;row&#8221; use_row_as_full_screen_section=&#8221;no&#8221; type=&#8221;full_width&#8221; text_align=&#8221;left&#8221; background_animation=&#8221;none&#8221; css=&#8221;.vc_custom_1675266939539{margin-top: -70px !important;}&#8221;][vc_column][vc_empty_space height=&#8221;50px&#8221;][vc_empty_space height=&#8221;50px&#8221;][vc_empty_space height=&#8221;50px&#8221;][vc_column_text] Data privacy policy [\/vc_column_text][vc_empty_space height=&#8221;50px&#8221;][vc_empty_space height=&#8221;50px&#8221;][vc_empty_space height=&#8221;50px&#8221;][\/vc_column][\/vc_row][vc_row row_type=&#8221;row&#8221; use_row_as_full_screen_section=&#8221;no&#8221; type=&#8221;full_width&#8221; text_align=&#8221;left&#8221; background_animation=&#8221;none&#8221;][vc_column][vc_column_text][\/vc_column_text][\/vc_column][\/vc_row][vc_row row_type=&#8221;row&#8221; use_row_as_full_screen_section=&#8221;no&#8221; type=&#8221;full_width&#8221; text_align=&#8221;left&#8221; background_animation=&#8221;none&#8221;][vc_column][vc_empty_space height=&#8221;150px&#8221;][\/vc_column][\/vc_row]","og_url":"https:\/\/sweetspot-studio.com\/data-privacy-policy\/","og_site_name":"Sweetspot Studio","article_modified_time":"2023-02-01T15:55:42+00:00","og_image":[{"width":2560,"height":1440,"url":"https:\/\/sweetspot-studio.com\/wp-content\/uploads\/2025\/02\/yt-banner-studio2025.jpg","type":"image\/jpeg"}],"twitter_card":"summary_large_image","twitter_misc":{"Est. reading time":"1 minute"},"schema":{"@context":"https:\/\/schema.org","@graph":[{"@type":"WebPage","@id":"https:\/\/sweetspot-studio.com\/data-privacy-policy\/","url":"https:\/\/sweetspot-studio.com\/data-privacy-policy\/","name":"DATA PRIVACY POLICY - Sweetspot Studio","isPartOf":{"@id":"https:\/\/sweetspot-studio.com\/#website"},"datePublished":"2020-05-08T10:07:24+00:00","dateModified":"2023-02-01T15:55:42+00:00","breadcrumb":{"@id":"https:\/\/sweetspot-studio.com\/data-privacy-policy\/#breadcrumb"},"inLanguage":"en-US","potentialAction":[{"@type":"ReadAction","target":["https:\/\/sweetspot-studio.com\/data-privacy-policy\/"]}]},{"@type":"BreadcrumbList","@id":"https:\/\/sweetspot-studio.com\/data-privacy-policy\/#breadcrumb","itemListElement":[{"@type":"ListItem","position":1,"name":"Startseite","item":"https:\/\/sweetspot-studio.com\/en\/"},{"@type":"ListItem","position":2,"name":"DATA PRIVACY POLICY"}]},{"@type":"WebSite","@id":"https:\/\/sweetspot-studio.com\/#website","url":"https:\/\/sweetspot-studio.com\/","name":"Sweetspot Studio","description":"Strategy. Design. Storytelling. By Marc T. Suess","publisher":{"@id":"https:\/\/sweetspot-studio.com\/#\/schema\/person\/e4e976ee83d45700846e044642e041b7"},"alternateName":"Brand-building & Design Studio Hamburg","potentialAction":[{"@type":"SearchAction","target":{"@type":"EntryPoint","urlTemplate":"https:\/\/sweetspot-studio.com\/?s={search_term_string}"},"query-input":{"@type":"PropertyValueSpecification","valueRequired":true,"valueName":"search_term_string"}}],"inLanguage":"en-US"},{"@type":["Person","Organization"],"@id":"https:\/\/sweetspot-studio.com\/#\/schema\/person\/e4e976ee83d45700846e044642e041b7","name":"marc","image":{"@type":"ImageObject","inLanguage":"en-US","@id":"https:\/\/sweetspot-studio.com\/wp-content\/uploads\/2023\/12\/sweetspot-studio-website-footer.png","url":"https:\/\/sweetspot-studio.com\/wp-content\/uploads\/2023\/12\/sweetspot-studio-website-footer.png","contentUrl":"https:\/\/sweetspot-studio.com\/wp-content\/uploads\/2023\/12\/sweetspot-studio-website-footer.png","width":160,"height":161,"caption":"marc"},"logo":{"@id":"https:\/\/sweetspot-studio.com\/wp-content\/uploads\/2023\/12\/sweetspot-studio-website-footer.png"},"description":"Build a memorable and meaningful brand. Sweetspot Studio is a brand-building &amp; design studio by creative director Marc T. Suess.","sameAs":["https:\/\/sweetspot-studio.com","https:\/\/instagram.com\/sweetspot.studio","https:\/\/www.linkedin.com\/company\/sweetspot-studio\/","https:\/\/www.youtube.com\/@sweetspot.studio"]}]}},"_links":{"self":[{"href":"https:\/\/sweetspot-studio.com\/en\/wp-json\/wp\/v2\/pages\/1659","targetHints":{"allow":["GET"]}}],"collection":[{"href":"https:\/\/sweetspot-studio.com\/en\/wp-json\/wp\/v2\/pages"}],"about":[{"href":"https:\/\/sweetspot-studio.com\/en\/wp-json\/wp\/v2\/types\/page"}],"author":[{"embeddable":true,"href":"https:\/\/sweetspot-studio.com\/en\/wp-json\/wp\/v2\/users\/1"}],"replies":[{"embeddable":true,"href":"https:\/\/sweetspot-studio.com\/en\/wp-json\/wp\/v2\/comments?post=1659"}],"version-history":[{"count":2,"href":"https:\/\/sweetspot-studio.com\/en\/wp-json\/wp\/v2\/pages\/1659\/revisions"}],"predecessor-version":[{"id":6924,"href":"https:\/\/sweetspot-studio.com\/en\/wp-json\/wp\/v2\/pages\/1659\/revisions\/6924"}],"wp:attachment":[{"href":"https:\/\/sweetspot-studio.com\/en\/wp-json\/wp\/v2\/media?parent=1659"}],"curies":[{"name":"wp","href":"https:\/\/api.w.org\/{rel}","templated":true}]}}